{"id":44,"date":"2026-01-16T03:44:17","date_gmt":"2026-01-16T03:44:17","guid":{"rendered":"https:\/\/thaiyogamassage.berlin\/prijzen\/"},"modified":"2026-01-19T11:10:59","modified_gmt":"2026-01-19T11:10:59","slug":"preise","status":"publish","type":"page","link":"https:\/\/thaiyogamassage.berlin\/en\/preise\/","title":{"rendered":"Prices"},"content":{"rendered":"<div class=\"wp-block-group alignfull is-style-ext-preset--group--natural-1--section has-background-background-color has-background has-global-padding is-layout-constrained wp-container-core-group-is-layout-300589ff wp-block-group-is-layout-constrained\" id=\"prijzen\" style=\"margin-top:0;margin-bottom:0;padding-top:var(--wp--preset--spacing--40);padding-bottom:var(--wp--preset--spacing--40)\">\n<div class=\"wp-block-group alignwide is-vertical is-content-justification-center is-layout-flex wp-container-core-group-is-layout-c9ee0c5a wp-block-group-is-layout-flex\">\n<div class=\"wp-block-group has-global-padding is-layout-constrained wp-container-core-group-is-layout-5e05634a wp-block-group-is-layout-constrained\">\n<p><strong>60 minutes<\/strong>\u00a0\u20ac 70,-<br><strong>90 minutes<\/strong>\u00a0\u20ac 90,-<br><strong>120 minutes<\/strong>\u00a0\u20ac 110,-<\/p>\n\n\n\n<p><strong>3 x 60 minutes\u00a0<\/strong>\u20ac 180,-<br><strong>3 x 90 minutes\u00a0<\/strong>\u20ac 225,-<br><strong>2 x 120 minutes\u00a0<\/strong>\u20ac 280,-<\/p>\n\n\n\n<p><strong>Gift voucher:<\/strong>A massage makes a great gift! Contact me to arrange a voucher.<\/p>\n\n\n\n<p><strong>Low income:&nbsp;<\/strong>I have 2 spots weekly for clients with a low income. I give a 33% discount on the 60 and 90 minutes massages. \nDon\u2019t hesitate to contact me, if you want to make use of this provision.<\/p>\n\n\n\n<figure class=\"wp-block-image\"><a href=\"https:\/\/www.mischamassage.nl\/wp-content\/uploads\/2014\/04\/thai-berlijn-6.jpg\"><img decoding=\"async\" src=\"https:\/\/www.mischamassage.nl\/wp-content\/uploads\/2014\/04\/thai-berlijn-6-1024x845.jpg\" alt=\"thai massage berlin\" class=\"wp-image-200\"\/><\/a><\/figure>\n\n\n\n<p class=\"has-text-align-center\"><\/p>\n<\/div>\n<\/div>\n<\/div>","protected":false},"excerpt":{"rendered":"<p>60 Minuten\u00a0\u20ac 70,-90 Minuten\u00a0\u20ac 90,-120 Minuten\u00a0\u20ac 110,- 3 x 60 minuten:\u00a0\u20ac 180,-3 x 90 minuten:\u00a0\u20ac 225,-3 x 120 minuten:\u00a0\u20ac 280,- Geschenkgutschein: Eine Massage ist ein sch\u00f6nes Geschenk! Bitte kontaktieren Sie mich f\u00fcr einen Geschenkgutschein. Geringes Einkommen:&nbsp;Ich habe 2 Pl\u00e4tze pro Woche f\u00fcr Kunden mit einem geringen Einkommen. Ich biete 33 % Rabatt auf die 60- [&hellip;]<\/p>\n","protected":false},"author":1,"featured_media":0,"parent":0,"menu_order":0,"comment_status":"closed","ping_status":"closed","template":"page-with-title","meta":{"_monsterinsights_skip_tracking":false,"_monsterinsights_sitenote_active":false,"_monsterinsights_sitenote_note":"","_monsterinsights_sitenote_category":0,"footnotes":""},"class_list":["post-44","page","type-page","status-publish","hentry"],"post_meta_fields":{"_wp_page_template":["page-with-title"],"made_with_extendify_launch":["1"],"_edit_lock":["1768821704:1"],"_edit_last":["1"]},"_links":{"self":[{"href":"https:\/\/thaiyogamassage.berlin\/en\/wp-json\/wp\/v2\/pages\/44","targetHints":{"allow":["GET"]}}],"collection":[{"href":"https:\/\/thaiyogamassage.berlin\/en\/wp-json\/wp\/v2\/pages"}],"about":[{"href":"https:\/\/thaiyogamassage.berlin\/en\/wp-json\/wp\/v2\/types\/page"}],"author":[{"embeddable":true,"href":"https:\/\/thaiyogamassage.berlin\/en\/wp-json\/wp\/v2\/users\/1"}],"replies":[{"embeddable":true,"href":"https:\/\/thaiyogamassage.berlin\/en\/wp-json\/wp\/v2\/comments?post=44"}],"version-history":[{"count":11,"href":"https:\/\/thaiyogamassage.berlin\/en\/wp-json\/wp\/v2\/pages\/44\/revisions"}],"predecessor-version":[{"id":207,"href":"https:\/\/thaiyogamassage.berlin\/en\/wp-json\/wp\/v2\/pages\/44\/revisions\/207"}],"wp:attachment":[{"href":"https:\/\/thaiyogamassage.berlin\/en\/wp-json\/wp\/v2\/media?parent=44"}],"curies":[{"name":"wp","href":"https:\/\/api.w.org\/{rel}","templated":true}]}}