{"id":45,"date":"2026-01-16T03:44:18","date_gmt":"2026-01-16T03:44:18","guid":{"rendered":"https:\/\/thaiyogamassage.berlin\/startpagina\/"},"modified":"2026-01-20T16:14:07","modified_gmt":"2026-01-20T16:14:07","slug":"startseite","status":"publish","type":"page","link":"https:\/\/thaiyogamassage.berlin\/en\/","title":{"rendered":"Starts"},"content":{"rendered":"<div class=\"wp-block-group alignfull has-background-background-color has-background has-global-padding is-layout-constrained wp-container-core-group-is-layout-ab92b0a4 wp-block-group-is-layout-constrained\" style=\"margin-top:0;margin-bottom:0;padding-top:var(--wp--preset--spacing--30);padding-right:var(--wp--preset--spacing--30);padding-bottom:var(--wp--preset--spacing--60);padding-left:var(--wp--preset--spacing--30)\">\n<div class=\"wp-block-columns alignwide are-vertically-aligned-center is-layout-flex wp-container-core-columns-is-layout-fa584acd wp-block-columns-is-layout-flex\">\n<div class=\"wp-block-column is-vertically-aligned-center is-layout-flow wp-block-column-is-layout-flow\" style=\"flex-basis:40%\">\n<div class=\"wp-block-group has-global-padding is-layout-constrained wp-block-group-is-layout-constrained\">\n<h1 class=\"wp-block-heading\">Thai Yoga Massage<\/h1>\n\n\n\n<p style=\"margin-top:16px\">Thai yoga massage offers deep relaxation and promotes your overall health and well-being by stimulating the body's self-healing abilities.<\/p>\n\n\n\n<p>You lie on a futon, dressed in comfortable clothes, while I massage and stretch you in a series of (yoga-like) positions. At a calm and soothing pace, I apply gentle but firm pressure to your muscles, connective tissue and energy lines with my hands, feet, elbows or knees. This works deeply relaxing, both mentally and physically. Tight places in the body soften, nervous tension can release, flexibility is improved and chronic pain can diminish.<\/p>\n\n\n\n<p style=\"margin-top:16px\">Thai massage has a reputation for being tough and even painful. I will, however, in communication with you, adapt the massage to your wishes and possibilities.<\/p>\n\n\n\n<div class=\"wp-block-buttons is-content-justification-left is-layout-flex wp-container-core-buttons-is-layout-ec155617 wp-block-buttons-is-layout-flex\" style=\"margin-top:var(--wp--preset--spacing--40)\">\n<div class=\"wp-block-button\"><a class=\"wp-block-button__link wp-element-button\" href=\"https:\/\/thaiyogamassage.berlin\/en\/kontakt\/\">Contact<\/a><\/div>\n\n\n\n<div class=\"wp-block-button is-style-outline is-style-outline--1\"><a class=\"wp-block-button__link wp-element-button\" href=\"https:\/\/thaiyogamassage.berlin\/en\/uber-uns\/\">Read on<\/a><\/div>\n<\/div>\n<\/div>\n<\/div>\n\n\n\n<div class=\"wp-block-column is-vertically-aligned-center is-layout-flow wp-container-core-column-is-layout-8a368f38 wp-block-column-is-layout-flow\" style=\"flex-basis:50%\">\n<div class=\"wp-block-group has-global-padding is-content-justification-right is-layout-constrained wp-container-core-group-is-layout-9f2e6a22 wp-block-group-is-layout-constrained\">\n<figure class=\"wp-block-image size-full has-custom-border size-large\"><img loading=\"lazy\" decoding=\"async\" width=\"634\" height=\"399\" src=\"https:\/\/thaiyogamassage.berlin\/wp-content\/uploads\/2026\/01\/kleinere-versie-om-waters-2.webp\" alt=\"\" class=\"wp-image-162\" style=\"border-radius:1.5rem;aspect-ratio:1;object-fit:cover\" srcset=\"https:\/\/thaiyogamassage.berlin\/wp-content\/uploads\/2026\/01\/kleinere-versie-om-waters-2.webp 634w, https:\/\/thaiyogamassage.berlin\/wp-content\/uploads\/2026\/01\/kleinere-versie-om-waters-2-300x189.webp 300w, https:\/\/thaiyogamassage.berlin\/wp-content\/uploads\/2026\/01\/kleinere-versie-om-waters-2-18x12.webp 18w\" sizes=\"auto, (max-width: 634px) 100vw, 634px\" \/><\/figure>\n<\/div>\n\n\n\n<div class=\"wp-block-group has-global-padding is-content-justification-left is-layout-constrained wp-container-core-group-is-layout-ea1ba859 wp-block-group-is-layout-constrained\" style=\"border-radius:2rem;margin-top:-14rem\"><\/div>\n<\/div>\n<\/div>\n<\/div>","protected":false},"excerpt":{"rendered":"<p>Thai Yoga Massage Thai Yoga Massage bietet tiefe Entspannung und f\u00f6rdert Ihre allgemeine Gesundheit und Ihr Wohlbefinden, indem sie die&nbsp;Selbstheilende F\u00e4higkeiten des K\u00f6rpers stimuliert. Sie liegen in bequemer Kleidung auf einem Futon, w\u00e4hrend ich Sie in verschiedenen Positionen massiere und dehne. In einem ruhigen Tempo \u00fcbe ich sanften, aber festen Druck auf Ihre Muskeln, Ihr [&hellip;]<\/p>\n","protected":false},"author":1,"featured_media":0,"parent":0,"menu_order":0,"comment_status":"closed","ping_status":"closed","template":"no-title","meta":{"_monsterinsights_skip_tracking":false,"_monsterinsights_sitenote_active":false,"_monsterinsights_sitenote_note":"","_monsterinsights_sitenote_category":0,"footnotes":""},"class_list":["post-45","page","type-page","status-publish","hentry"],"post_meta_fields":{"_wp_page_template":["no-title"],"made_with_extendify_launch":["1"],"_edit_lock":["1768927560:1"],"_edit_last":["1"],"_cmplz_scanned_post":["1"]},"_links":{"self":[{"href":"https:\/\/thaiyogamassage.berlin\/en\/wp-json\/wp\/v2\/pages\/45","targetHints":{"allow":["GET"]}}],"collection":[{"href":"https:\/\/thaiyogamassage.berlin\/en\/wp-json\/wp\/v2\/pages"}],"about":[{"href":"https:\/\/thaiyogamassage.berlin\/en\/wp-json\/wp\/v2\/types\/page"}],"author":[{"embeddable":true,"href":"https:\/\/thaiyogamassage.berlin\/en\/wp-json\/wp\/v2\/users\/1"}],"replies":[{"embeddable":true,"href":"https:\/\/thaiyogamassage.berlin\/en\/wp-json\/wp\/v2\/comments?post=45"}],"version-history":[{"count":19,"href":"https:\/\/thaiyogamassage.berlin\/en\/wp-json\/wp\/v2\/pages\/45\/revisions"}],"predecessor-version":[{"id":213,"href":"https:\/\/thaiyogamassage.berlin\/en\/wp-json\/wp\/v2\/pages\/45\/revisions\/213"}],"wp:attachment":[{"href":"https:\/\/thaiyogamassage.berlin\/en\/wp-json\/wp\/v2\/media?parent=45"}],"curies":[{"name":"wp","href":"https:\/\/api.w.org\/{rel}","templated":true}]}}